{"id":919,"date":"2022-03-28T04:04:38","date_gmt":"2022-03-28T04:04:38","guid":{"rendered":"https:\/\/royalcuretr.com\/pontage-gastrique\/"},"modified":"2022-04-25T14:12:25","modified_gmt":"2022-04-25T14:12:25","slug":"pontage-gastrique","status":"publish","type":"page","link":"https:\/\/royalcuretr.com\/fr\/pontage-gastrique\/","title":{"rendered":"Pontage gastrique"},"content":{"rendered":"\t\t<div data-elementor-type=\"wp-page\" data-elementor-id=\"919\" class=\"elementor elementor-919 elementor-77\" data-elementor-post-type=\"page\">\n\t\t\t\t\t\t<section class=\"elementor-section elementor-top-section elementor-element elementor-element-44bfba9 elementor-section-boxed elementor-section-height-default elementor-section-height-default\" data-id=\"44bfba9\" data-element_type=\"section\">\n\t\t\t\t\t\t<div class=\"elementor-container elementor-column-gap-default\">\n\t\t\t\t\t<div class=\"elementor-column elementor-col-50 elementor-top-column elementor-element elementor-element-a697e9d\" data-id=\"a697e9d\" data-element_type=\"column\">\n\t\t\t<div class=\"elementor-widget-wrap elementor-element-populated\">\n\t\t\t\t\t\t<div class=\"elementor-element elementor-element-10391de elementor-widget elementor-widget-heading\" data-id=\"10391de\" data-element_type=\"widget\" data-widget_type=\"heading.default\">\n\t\t\t\t<div class=\"elementor-widget-container\">\n\t\t\t<h2 class=\"elementor-heading-title elementor-size-default\">Qu'est-ce qu'un bypass gastrique ?<\/h2>\t\t<\/div>\n\t\t\t\t<\/div>\n\t\t\t\t<div class=\"elementor-element elementor-element-64c9bba elementor-widget elementor-widget-text-editor\" data-id=\"64c9bba\" data-element_type=\"widget\" data-widget_type=\"text-editor.default\">\n\t\t\t\t<div class=\"elementor-widget-container\">\n\t\t\t\t\t\t\t<p>Le pontage gastrique est une intervention chirurgicale qui vous aide \u00e0 perdre du poids en modifiant la fa\u00e7on dont votre estomac et votre intestin gr\u00eale g\u00e8rent les aliments que vous mangez.<\/p><p>Apr\u00e8s la chirurgie, votre estomac sera plus petit. Vous vous sentirez rassasi\u00e9 avec moins de nourriture.<\/p><p>La nourriture que vous mangez n&rsquo;ira plus dans certaines parties de votre estomac et de votre intestin gr\u00eale qui absorbent les aliments. Pour cette raison, votre corps ne recevra pas toutes les calories des aliments que vous mangez.<\/p>\t\t\t\t\t\t<\/div>\n\t\t\t\t<\/div>\n\t\t\t\t\t<\/div>\n\t\t<\/div>\n\t\t\t\t<div class=\"elementor-column elementor-col-50 elementor-top-column elementor-element elementor-element-544c2a2\" data-id=\"544c2a2\" data-element_type=\"column\">\n\t\t\t<div class=\"elementor-widget-wrap elementor-element-populated\">\n\t\t\t\t\t\t<div class=\"elementor-element elementor-element-be2ed7e elementor-widget elementor-widget-image\" data-id=\"be2ed7e\" data-element_type=\"widget\" data-widget_type=\"image.default\">\n\t\t\t\t<div class=\"elementor-widget-container\">\n\t\t\t\t\t\t\t\t\t\t\t\t\t<img fetchpriority=\"high\" decoding=\"async\" width=\"800\" height=\"534\" src=\"https:\/\/royalcuretr.com\/wp-content\/uploads\/2022\/04\/Obesity02.jpg\" class=\"attachment-large size-large wp-image-844\" alt=\"Royal Cure\" srcset=\"https:\/\/royalcuretr.com\/wp-content\/uploads\/2022\/04\/Obesity02.jpg 1000w, https:\/\/royalcuretr.com\/wp-content\/uploads\/2022\/04\/Obesity02-300x200.jpg 300w, https:\/\/royalcuretr.com\/wp-content\/uploads\/2022\/04\/Obesity02-768x512.jpg 768w\" sizes=\"(max-width: 800px) 100vw, 800px\" \/>\t\t\t\t\t\t\t\t\t\t\t\t\t<\/div>\n\t\t\t\t<\/div>\n\t\t\t\t\t<\/div>\n\t\t<\/div>\n\t\t\t\t\t<\/div>\n\t\t<\/section>\n\t\t\t\t<section class=\"elementor-section elementor-top-section elementor-element elementor-element-23da9a0 elementor-section-boxed elementor-section-height-default elementor-section-height-default\" data-id=\"23da9a0\" data-element_type=\"section\">\n\t\t\t\t\t\t<div class=\"elementor-container elementor-column-gap-default\">\n\t\t\t\t\t<div class=\"elementor-column elementor-col-100 elementor-top-column elementor-element elementor-element-ade0539\" data-id=\"ade0539\" data-element_type=\"column\">\n\t\t\t<div class=\"elementor-widget-wrap elementor-element-populated\">\n\t\t\t\t\t\t<div class=\"elementor-element elementor-element-bbd6666 elementor-widget elementor-widget-heading\" data-id=\"bbd6666\" data-element_type=\"widget\" data-widget_type=\"heading.default\">\n\t\t\t\t<div class=\"elementor-widget-container\">\n\t\t\t<h2 class=\"elementor-heading-title elementor-size-default\">Qui est un bon candidat pour un Bypass Gastrique ?<\/h2>\t\t<\/div>\n\t\t\t\t<\/div>\n\t\t\t\t<div class=\"elementor-element elementor-element-31a15a4 elementor-widget elementor-widget-text-editor\" data-id=\"31a15a4\" data-element_type=\"widget\" data-widget_type=\"text-editor.default\">\n\t\t\t\t<div class=\"elementor-widget-container\">\n\t\t\t\t\t\t\t<p>Les patients pr\u00e9sentant ces caract\u00e9ristiques sont g\u00e9n\u00e9ralement les meilleurs candidats pour la chirurgie bariatrique de perte de poids:<\/p><ul><li value=\"0\">IMC = 40 ou IMC = 35 avec des conditions li\u00e9es \u00e0 l&rsquo;ob\u00e9sit\u00e9 telles que le diab\u00e8te, l&rsquo;asthme, l&rsquo;hypertension art\u00e9rielle, la maladie de reflux ou l&rsquo;apn\u00e9e du sommeil<\/li><li value=\"0\">Au moins 100 livres au-dessus du poids id\u00e9al estim\u00e9<\/li><li value=\"0\">18 ans ou plus<\/li><li value=\"0\">M\u00e9thodes de perte de poids non chirurgicales essay\u00e9es sans succ\u00e8s<\/li><li value=\"0\">Engag\u00e9 dans des changements de mode de vie \u00e0 long terme, y compris les exigences alimentaires, physiques et m\u00e9dicales<\/li><\/ul><p>La chirurgie bariatrique n&rsquo;est pas destin\u00e9e aux patientes qui sont actuellement enceintes ou qui pourraient le devenir \u00e0 l&rsquo;avenir. Il peut ne pas convenir aux patients souffrant de certaines conditions m\u00e9dicales, notamment des troubles gastro-intestinaux, une maladie pulmonaire ou cardiovasculaire grave, une maladie auto-immune, un risque accru de saignement ou des troubles mentaux. Votre m\u00e9decin peut vous en dire plus sur les risques et les avantages sp\u00e9cifiques de la chirurgie bariatrique et si elle vous convient.<\/p>\t\t\t\t\t\t<\/div>\n\t\t\t\t<\/div>\n\t\t\t\t\t<\/div>\n\t\t<\/div>\n\t\t\t\t\t<\/div>\n\t\t<\/section>\n\t\t\t\t<section class=\"elementor-section elementor-top-section elementor-element elementor-element-9fa6649 elementor-section-boxed elementor-section-height-default elementor-section-height-default\" data-id=\"9fa6649\" data-element_type=\"section\">\n\t\t\t\t\t\t<div class=\"elementor-container elementor-column-gap-default\">\n\t\t\t\t\t<div class=\"elementor-column elementor-col-100 elementor-top-column elementor-element elementor-element-c531617\" data-id=\"c531617\" data-element_type=\"column\">\n\t\t\t<div class=\"elementor-widget-wrap elementor-element-populated\">\n\t\t\t\t\t\t<div class=\"elementor-element elementor-element-6d6d8c6 elementor-widget elementor-widget-heading\" data-id=\"6d6d8c6\" data-element_type=\"widget\" data-widget_type=\"heading.default\">\n\t\t\t\t<div class=\"elementor-widget-container\">\n\t\t\t<h2 class=\"elementor-heading-title elementor-size-default\">Comment dois-je me pr\u00e9parer pour un Bypass Gastrique ?<\/h2>\t\t<\/div>\n\t\t\t\t<\/div>\n\t\t\t\t<div class=\"elementor-element elementor-element-1857c76 elementor-widget elementor-widget-text-editor\" data-id=\"1857c76\" data-element_type=\"widget\" data-widget_type=\"text-editor.default\">\n\t\t\t\t<div class=\"elementor-widget-container\">\n\t\t\t\t\t\t\t<ul><li>Commencez et maintenez une routine d&rsquo;entra\u00eenement pour atteindre et maintenir vos objectifs de perte de poids.<\/li><li>R\u00e9duisez vos calories quotidiennes dans une fourchette comprise entre 1 200 et 1 500 calories (ou dans une fourchette discut\u00e9e avec votre m\u00e9decin).<\/li><li>\u00c9vitez de consommer des boissons contenant de la caf\u00e9ine environ un mois avant la chirurgie.<\/li><\/ul>\t\t\t\t\t\t<\/div>\n\t\t\t\t<\/div>\n\t\t\t\t\t<\/div>\n\t\t<\/div>\n\t\t\t\t\t<\/div>\n\t\t<\/section>\n\t\t\t\t<section class=\"elementor-section elementor-top-section elementor-element elementor-element-145b08e elementor-section-full_width elementor-section-stretched elementor-section-height-default elementor-section-height-default\" data-id=\"145b08e\" data-element_type=\"section\" data-settings=\"{&quot;stretch_section&quot;:&quot;section-stretched&quot;}\">\n\t\t\t\t\t\t<div class=\"elementor-container elementor-column-gap-no\">\n\t\t\t\t\t<div class=\"elementor-column elementor-col-100 elementor-top-column elementor-element elementor-element-3c67aed\" data-id=\"3c67aed\" data-element_type=\"column\">\n\t\t\t<div class=\"elementor-widget-wrap elementor-element-populated\">\n\t\t\t\t\t\t<div class=\"elementor-element elementor-element-122687d elementor-widget elementor-widget-shortcode\" data-id=\"122687d\" data-element_type=\"widget\" data-widget_type=\"shortcode.default\">\n\t\t\t\t<div class=\"elementor-widget-container\">\n\t\t\t\t\t<div class=\"elementor-shortcode\">\t\t<div data-elementor-type=\"section\" data-elementor-id=\"1047\" class=\"elementor elementor-1047 elementor-686\" data-elementor-post-type=\"elementor_library\">\n\t\t\t\t\t<section class=\"elementor-section elementor-top-section elementor-element elementor-element-559d1020 elementor-section-stretched elementor-section-boxed elementor-section-height-default elementor-section-height-default\" data-id=\"559d1020\" data-element_type=\"section\" data-settings=\"{&quot;stretch_section&quot;:&quot;section-stretched&quot;,&quot;background_background&quot;:&quot;classic&quot;}\">\n\t\t\t\t\t\t<div class=\"elementor-container elementor-column-gap-default\">\n\t\t\t\t\t<div class=\"elementor-column elementor-col-100 elementor-top-column elementor-element elementor-element-72999312\" data-id=\"72999312\" data-element_type=\"column\">\n\t\t\t<div class=\"elementor-widget-wrap elementor-element-populated\">\n\t\t\t\t\t\t<div class=\"elementor-element elementor-element-59023467 elementor-widget elementor-widget-heading\" data-id=\"59023467\" data-element_type=\"widget\" data-widget_type=\"heading.default\">\n\t\t\t\t<div class=\"elementor-widget-container\">\n\t\t\t<h2 class=\"elementor-heading-title elementor-size-default\">Chirurgie de l'ob\u00e9sit\u00e9<\/h2>\t\t<\/div>\n\t\t\t\t<\/div>\n\t\t\t\t<section class=\"elementor-section elementor-inner-section elementor-element elementor-element-2c55b326 elementor-section-boxed elementor-section-height-default elementor-section-height-default\" data-id=\"2c55b326\" data-element_type=\"section\">\n\t\t\t\t\t\t<div class=\"elementor-container elementor-column-gap-default\">\n\t\t\t\t\t<div class=\"elementor-column elementor-col-33 elementor-inner-column elementor-element elementor-element-5beb4c9f\" data-id=\"5beb4c9f\" data-element_type=\"column\">\n\t\t\t<div class=\"elementor-widget-wrap elementor-element-populated\">\n\t\t\t\t\t\t<div class=\"elementor-element elementor-element-65b2dc44 elementor-cta--skin-classic elementor-animated-content elementor-bg-transform elementor-bg-transform-zoom-in elementor-widget elementor-widget-call-to-action\" data-id=\"65b2dc44\" data-element_type=\"widget\" data-widget_type=\"call-to-action.default\">\n\t\t\t\t<div class=\"elementor-widget-container\">\n\t\t\t\t\t<a class=\"elementor-cta\" href=\"https:\/\/royalcuretr.com\/fr\/pontage-gastrique\/\">\n\t\t\t\t\t<div class=\"elementor-cta__bg-wrapper\">\n\t\t\t\t<div class=\"elementor-cta__bg elementor-bg\" style=\"background-image: url(https:\/\/royalcuretr.com\/wp-content\/uploads\/2022\/04\/Obesity02.jpg);\" role=\"img\" aria-label=\"Royal Cure\"><\/div>\n\t\t\t\t<div class=\"elementor-cta__bg-overlay\"><\/div>\n\t\t\t<\/div>\n\t\t\t\t\t\t\t<div class=\"elementor-cta__content\">\n\t\t\t\t\n\t\t\t\t\t\t\t\t\t<h2 class=\"elementor-cta__title elementor-cta__content-item elementor-content-item\">\n\t\t\t\t\t\tPontage gastrique\t\t\t\t\t<\/h2>\n\t\t\t\t\n\t\t\t\t\t\t\t\t\t<div class=\"elementor-cta__description elementor-cta__content-item elementor-content-item\">\n\t\t\t\t\t\tLe pontage gastrique est une intervention chirurgicale qui vous aide \u00e0 perdre du poids en modifiant la fa\u00e7on dont votre estomac et votre intestin gr\u00eale g\u00e8rent les aliments que vous mangez.\t\t\t\t\t<\/div>\n\t\t\t\t\n\t\t\t\t\t\t\t\t\t<div class=\"elementor-cta__button-wrapper elementor-cta__content-item elementor-content-item \">\n\t\t\t\t\t<span class=\"elementor-cta__button elementor-button elementor-size-\">\n\t\t\t\t\t\tSuite ...\t\t\t\t\t<\/span>\n\t\t\t\t\t<\/div>\n\t\t\t\t\t\t\t<\/div>\n\t\t\t\t\t\t<\/a>\n\t\t\t\t<\/div>\n\t\t\t\t<\/div>\n\t\t\t\t\t<\/div>\n\t\t<\/div>\n\t\t\t\t<div class=\"elementor-column elementor-col-33 elementor-inner-column elementor-element elementor-element-79b7d88f\" data-id=\"79b7d88f\" data-element_type=\"column\">\n\t\t\t<div class=\"elementor-widget-wrap elementor-element-populated\">\n\t\t\t\t\t\t<div class=\"elementor-element elementor-element-254b1f36 elementor-cta--skin-classic elementor-animated-content elementor-bg-transform elementor-bg-transform-zoom-in elementor-widget elementor-widget-call-to-action\" data-id=\"254b1f36\" data-element_type=\"widget\" data-widget_type=\"call-to-action.default\">\n\t\t\t\t<div class=\"elementor-widget-container\">\n\t\t\t\t\t<a class=\"elementor-cta\" href=\"https:\/\/royalcuretr.com\/fr\/manchon-gastrique\/\">\n\t\t\t\t\t<div class=\"elementor-cta__bg-wrapper\">\n\t\t\t\t<div class=\"elementor-cta__bg elementor-bg\" style=\"background-image: url(https:\/\/royalcuretr.com\/wp-content\/uploads\/2022\/04\/Obesity01.jpg);\" role=\"img\" aria-label=\"Royal Cure\"><\/div>\n\t\t\t\t<div class=\"elementor-cta__bg-overlay\"><\/div>\n\t\t\t<\/div>\n\t\t\t\t\t\t\t<div class=\"elementor-cta__content\">\n\t\t\t\t\n\t\t\t\t\t\t\t\t\t<h2 class=\"elementor-cta__title elementor-cta__content-item elementor-content-item\">\n\t\t\t\t\t\tManchon gastrique\t\t\t\t\t<\/h2>\n\t\t\t\t\n\t\t\t\t\t\t\t\t\t<div class=\"elementor-cta__description elementor-cta__content-item elementor-content-item\">\n\t\t\t\t\t\tEnvisagez-vous une chirurgie de la manche gastrique parce que vous avez essay\u00e9 des r\u00e9gimes et de l'exercice pendant des ann\u00e9es et que vous avez encore beaucoup de poids \u00e0 perdre ?\t\t\t\t\t<\/div>\n\t\t\t\t\n\t\t\t\t\t\t\t\t\t<div class=\"elementor-cta__button-wrapper elementor-cta__content-item elementor-content-item \">\n\t\t\t\t\t<span class=\"elementor-cta__button elementor-button elementor-size-\">\n\t\t\t\t\t\tSuite ...\t\t\t\t\t<\/span>\n\t\t\t\t\t<\/div>\n\t\t\t\t\t\t\t<\/div>\n\t\t\t\t\t\t<\/a>\n\t\t\t\t<\/div>\n\t\t\t\t<\/div>\n\t\t\t\t\t<\/div>\n\t\t<\/div>\n\t\t\t\t<div class=\"elementor-column elementor-col-33 elementor-inner-column elementor-element elementor-element-4e3f623\" data-id=\"4e3f623\" data-element_type=\"column\">\n\t\t\t<div class=\"elementor-widget-wrap elementor-element-populated\">\n\t\t\t\t\t\t<div class=\"elementor-element elementor-element-711f2847 elementor-cta--skin-classic elementor-animated-content elementor-bg-transform elementor-bg-transform-zoom-in elementor-widget elementor-widget-call-to-action\" data-id=\"711f2847\" data-element_type=\"widget\" data-widget_type=\"call-to-action.default\">\n\t\t\t\t<div class=\"elementor-widget-container\">\n\t\t\t\t\t<a class=\"elementor-cta\" href=\"https:\/\/royalcuretr.com\/fr\/ballon-intra-gastrique\/\">\n\t\t\t\t\t<div class=\"elementor-cta__bg-wrapper\">\n\t\t\t\t<div class=\"elementor-cta__bg elementor-bg\" style=\"background-image: url(https:\/\/royalcuretr.com\/wp-content\/uploads\/2022\/04\/Obesity03.jpg);\" role=\"img\" aria-label=\"Royal Cure\"><\/div>\n\t\t\t\t<div class=\"elementor-cta__bg-overlay\"><\/div>\n\t\t\t<\/div>\n\t\t\t\t\t\t\t<div class=\"elementor-cta__content\">\n\t\t\t\t\n\t\t\t\t\t\t\t\t\t<h2 class=\"elementor-cta__title elementor-cta__content-item elementor-content-item\">\n\t\t\t\t\t\tBallon intra-gastrique\t\t\t\t\t<\/h2>\n\t\t\t\t\n\t\t\t\t\t\t\t\t\t<div class=\"elementor-cta__description elementor-cta__content-item elementor-content-item\">\n\t\t\t\t\t\tLe placement d'un ballon intragastrique est une proc\u00e9dure de perte de poids qui consiste \u00e0 placer un ballon en silicone rempli de solution saline dans votre estomac.\t\t\t\t\t<\/div>\n\t\t\t\t\n\t\t\t\t\t\t\t\t\t<div class=\"elementor-cta__button-wrapper elementor-cta__content-item elementor-content-item \">\n\t\t\t\t\t<span class=\"elementor-cta__button elementor-button elementor-size-\">\n\t\t\t\t\t\tSuite ...\t\t\t\t\t<\/span>\n\t\t\t\t\t<\/div>\n\t\t\t\t\t\t\t<\/div>\n\t\t\t\t\t\t<\/a>\n\t\t\t\t<\/div>\n\t\t\t\t<\/div>\n\t\t\t\t\t<\/div>\n\t\t<\/div>\n\t\t\t\t\t<\/div>\n\t\t<\/section>\n\t\t\t\t\t<\/div>\n\t\t<\/div>\n\t\t\t\t\t<\/div>\n\t\t<\/section>\n\t\t\t\t<\/div>\n\t\t<\/div>\n\t\t\t\t<\/div>\n\t\t\t\t<\/div>\n\t\t\t\t\t<\/div>\n\t\t<\/div>\n\t\t\t\t\t<\/div>\n\t\t<\/section>\n\t\t\t\t<\/div>\n\t\t","protected":false},"excerpt":{"rendered":"<p>Qu&rsquo;est-ce qu&rsquo;un bypass gastrique ? Le pontage gastrique est une intervention chirurgicale qui vous aide \u00e0 perdre du poids en modifiant la fa\u00e7on dont votre estomac et votre intestin gr\u00eale g\u00e8rent les aliments que vous mangez. Apr\u00e8s la chirurgie, votre estomac sera plus petit. Vous vous sentirez rassasi\u00e9 avec moins de nourriture. La nourriture que [&hellip;]<\/p>\n","protected":false},"author":1,"featured_media":0,"parent":0,"menu_order":0,"comment_status":"closed","ping_status":"closed","template":"","meta":{"footnotes":""},"class_list":["post-919","page","type-page","status-publish","hentry"],"yoast_head":"<!-- This site is optimized with the Yoast SEO plugin v23.6 - https:\/\/yoast.com\/wordpress\/plugins\/seo\/ -->\n<title>Pontage gastrique - Royal Cure<\/title>\n<meta name=\"robots\" content=\"index, follow, max-snippet:-1, max-image-preview:large, max-video-preview:-1\" \/>\n<link rel=\"canonical\" href=\"https:\/\/royalcuretr.com\/fr\/pontage-gastrique\/\" \/>\n<meta property=\"og:locale\" content=\"fr_FR\" \/>\n<meta property=\"og:type\" content=\"article\" \/>\n<meta property=\"og:title\" content=\"Pontage gastrique - Royal Cure\" \/>\n<meta property=\"og:description\" content=\"Qu&rsquo;est-ce qu&rsquo;un bypass gastrique ? Le pontage gastrique est une intervention chirurgicale qui vous aide \u00e0 perdre du poids en modifiant la fa\u00e7on dont votre estomac et votre intestin gr\u00eale g\u00e8rent les aliments que vous mangez. Apr\u00e8s la chirurgie, votre estomac sera plus petit. Vous vous sentirez rassasi\u00e9 avec moins de nourriture. La nourriture que [&hellip;]\" \/>\n<meta property=\"og:url\" content=\"https:\/\/royalcuretr.com\/fr\/pontage-gastrique\/\" \/>\n<meta property=\"og:site_name\" content=\"Royal Cure\" \/>\n<meta property=\"article:publisher\" content=\"https:\/\/www.facebook.com\/royalcureclinictr\" \/>\n<meta property=\"article:modified_time\" content=\"2022-04-25T14:12:25+00:00\" \/>\n<meta property=\"og:image\" content=\"https:\/\/royalcuretr.com\/wp-content\/uploads\/2022\/04\/Obesity02.jpg\" \/>\n<meta name=\"twitter:card\" content=\"summary_large_image\" \/>\n<meta name=\"twitter:label1\" content=\"Dur\u00e9e de lecture estim\u00e9e\" \/>\n\t<meta name=\"twitter:data1\" content=\"2 minutes\" \/>\n<script type=\"application\/ld+json\" class=\"yoast-schema-graph\">{\"@context\":\"https:\/\/schema.org\",\"@graph\":[{\"@type\":\"WebPage\",\"@id\":\"https:\/\/royalcuretr.com\/fr\/pontage-gastrique\/\",\"url\":\"https:\/\/royalcuretr.com\/fr\/pontage-gastrique\/\",\"name\":\"Pontage gastrique - Royal Cure\",\"isPartOf\":{\"@id\":\"https:\/\/royalcuretr.com\/#website\"},\"primaryImageOfPage\":{\"@id\":\"https:\/\/royalcuretr.com\/fr\/pontage-gastrique\/#primaryimage\"},\"image\":{\"@id\":\"https:\/\/royalcuretr.com\/fr\/pontage-gastrique\/#primaryimage\"},\"thumbnailUrl\":\"https:\/\/royalcuretr.com\/wp-content\/uploads\/2022\/04\/Obesity02.jpg\",\"datePublished\":\"2022-03-28T04:04:38+00:00\",\"dateModified\":\"2022-04-25T14:12:25+00:00\",\"breadcrumb\":{\"@id\":\"https:\/\/royalcuretr.com\/fr\/pontage-gastrique\/#breadcrumb\"},\"inLanguage\":\"fr-FR\",\"potentialAction\":[{\"@type\":\"ReadAction\",\"target\":[\"https:\/\/royalcuretr.com\/fr\/pontage-gastrique\/\"]}]},{\"@type\":\"ImageObject\",\"inLanguage\":\"fr-FR\",\"@id\":\"https:\/\/royalcuretr.com\/fr\/pontage-gastrique\/#primaryimage\",\"url\":\"https:\/\/royalcuretr.com\/wp-content\/uploads\/2022\/04\/Obesity02.jpg\",\"contentUrl\":\"https:\/\/royalcuretr.com\/wp-content\/uploads\/2022\/04\/Obesity02.jpg\"},{\"@type\":\"BreadcrumbList\",\"@id\":\"https:\/\/royalcuretr.com\/fr\/pontage-gastrique\/#breadcrumb\",\"itemListElement\":[{\"@type\":\"ListItem\",\"position\":1,\"name\":\"Home\",\"item\":\"https:\/\/royalcuretr.com\/\"},{\"@type\":\"ListItem\",\"position\":2,\"name\":\"Pontage gastrique\"}]},{\"@type\":\"WebSite\",\"@id\":\"https:\/\/royalcuretr.com\/#website\",\"url\":\"https:\/\/royalcuretr.com\/\",\"name\":\"Royal Cure Clinic\",\"description\":\"\",\"publisher\":{\"@id\":\"https:\/\/royalcuretr.com\/#organization\"},\"potentialAction\":[{\"@type\":\"SearchAction\",\"target\":{\"@type\":\"EntryPoint\",\"urlTemplate\":\"https:\/\/royalcuretr.com\/?s={search_term_string}\"},\"query-input\":{\"@type\":\"PropertyValueSpecification\",\"valueRequired\":true,\"valueName\":\"search_term_string\"}}],\"inLanguage\":\"fr-FR\"},{\"@type\":\"Organization\",\"@id\":\"https:\/\/royalcuretr.com\/#organization\",\"name\":\"Royal Cure Clinic\",\"url\":\"https:\/\/royalcuretr.com\/\",\"logo\":{\"@type\":\"ImageObject\",\"inLanguage\":\"fr-FR\",\"@id\":\"https:\/\/royalcuretr.com\/#\/schema\/logo\/image\/\",\"url\":\"https:\/\/royalcuretr.com\/wp-content\/uploads\/2022\/03\/cropped-Logo-300.png\",\"contentUrl\":\"https:\/\/royalcuretr.com\/wp-content\/uploads\/2022\/03\/cropped-Logo-300.png\",\"width\":300,\"height\":60,\"caption\":\"Royal Cure Clinic\"},\"image\":{\"@id\":\"https:\/\/royalcuretr.com\/#\/schema\/logo\/image\/\"},\"sameAs\":[\"https:\/\/www.facebook.com\/royalcureclinictr\",\"https:\/\/www.instagram.com\/royalcureclinic\/\"]}]}<\/script>\n<!-- \/ Yoast SEO plugin. -->","yoast_head_json":{"title":"Pontage gastrique - Royal Cure","robots":{"index":"index","follow":"follow","max-snippet":"max-snippet:-1","max-image-preview":"max-image-preview:large","max-video-preview":"max-video-preview:-1"},"canonical":"https:\/\/royalcuretr.com\/fr\/pontage-gastrique\/","og_locale":"fr_FR","og_type":"article","og_title":"Pontage gastrique - Royal Cure","og_description":"Qu&rsquo;est-ce qu&rsquo;un bypass gastrique ? Le pontage gastrique est une intervention chirurgicale qui vous aide \u00e0 perdre du poids en modifiant la fa\u00e7on dont votre estomac et votre intestin gr\u00eale g\u00e8rent les aliments que vous mangez. Apr\u00e8s la chirurgie, votre estomac sera plus petit. Vous vous sentirez rassasi\u00e9 avec moins de nourriture. La nourriture que [&hellip;]","og_url":"https:\/\/royalcuretr.com\/fr\/pontage-gastrique\/","og_site_name":"Royal Cure","article_publisher":"https:\/\/www.facebook.com\/royalcureclinictr","article_modified_time":"2022-04-25T14:12:25+00:00","og_image":[{"url":"https:\/\/royalcuretr.com\/wp-content\/uploads\/2022\/04\/Obesity02.jpg"}],"twitter_card":"summary_large_image","twitter_misc":{"Dur\u00e9e de lecture estim\u00e9e":"2 minutes"},"schema":{"@context":"https:\/\/schema.org","@graph":[{"@type":"WebPage","@id":"https:\/\/royalcuretr.com\/fr\/pontage-gastrique\/","url":"https:\/\/royalcuretr.com\/fr\/pontage-gastrique\/","name":"Pontage gastrique - Royal Cure","isPartOf":{"@id":"https:\/\/royalcuretr.com\/#website"},"primaryImageOfPage":{"@id":"https:\/\/royalcuretr.com\/fr\/pontage-gastrique\/#primaryimage"},"image":{"@id":"https:\/\/royalcuretr.com\/fr\/pontage-gastrique\/#primaryimage"},"thumbnailUrl":"https:\/\/royalcuretr.com\/wp-content\/uploads\/2022\/04\/Obesity02.jpg","datePublished":"2022-03-28T04:04:38+00:00","dateModified":"2022-04-25T14:12:25+00:00","breadcrumb":{"@id":"https:\/\/royalcuretr.com\/fr\/pontage-gastrique\/#breadcrumb"},"inLanguage":"fr-FR","potentialAction":[{"@type":"ReadAction","target":["https:\/\/royalcuretr.com\/fr\/pontage-gastrique\/"]}]},{"@type":"ImageObject","inLanguage":"fr-FR","@id":"https:\/\/royalcuretr.com\/fr\/pontage-gastrique\/#primaryimage","url":"https:\/\/royalcuretr.com\/wp-content\/uploads\/2022\/04\/Obesity02.jpg","contentUrl":"https:\/\/royalcuretr.com\/wp-content\/uploads\/2022\/04\/Obesity02.jpg"},{"@type":"BreadcrumbList","@id":"https:\/\/royalcuretr.com\/fr\/pontage-gastrique\/#breadcrumb","itemListElement":[{"@type":"ListItem","position":1,"name":"Home","item":"https:\/\/royalcuretr.com\/"},{"@type":"ListItem","position":2,"name":"Pontage gastrique"}]},{"@type":"WebSite","@id":"https:\/\/royalcuretr.com\/#website","url":"https:\/\/royalcuretr.com\/","name":"Royal Cure Clinic","description":"","publisher":{"@id":"https:\/\/royalcuretr.com\/#organization"},"potentialAction":[{"@type":"SearchAction","target":{"@type":"EntryPoint","urlTemplate":"https:\/\/royalcuretr.com\/?s={search_term_string}"},"query-input":{"@type":"PropertyValueSpecification","valueRequired":true,"valueName":"search_term_string"}}],"inLanguage":"fr-FR"},{"@type":"Organization","@id":"https:\/\/royalcuretr.com\/#organization","name":"Royal Cure Clinic","url":"https:\/\/royalcuretr.com\/","logo":{"@type":"ImageObject","inLanguage":"fr-FR","@id":"https:\/\/royalcuretr.com\/#\/schema\/logo\/image\/","url":"https:\/\/royalcuretr.com\/wp-content\/uploads\/2022\/03\/cropped-Logo-300.png","contentUrl":"https:\/\/royalcuretr.com\/wp-content\/uploads\/2022\/03\/cropped-Logo-300.png","width":300,"height":60,"caption":"Royal Cure Clinic"},"image":{"@id":"https:\/\/royalcuretr.com\/#\/schema\/logo\/image\/"},"sameAs":["https:\/\/www.facebook.com\/royalcureclinictr","https:\/\/www.instagram.com\/royalcureclinic\/"]}]}},"_links":{"self":[{"href":"https:\/\/royalcuretr.com\/fr\/wp-json\/wp\/v2\/pages\/919","targetHints":{"allow":["GET"]}}],"collection":[{"href":"https:\/\/royalcuretr.com\/fr\/wp-json\/wp\/v2\/pages"}],"about":[{"href":"https:\/\/royalcuretr.com\/fr\/wp-json\/wp\/v2\/types\/page"}],"author":[{"embeddable":true,"href":"https:\/\/royalcuretr.com\/fr\/wp-json\/wp\/v2\/users\/1"}],"replies":[{"embeddable":true,"href":"https:\/\/royalcuretr.com\/fr\/wp-json\/wp\/v2\/comments?post=919"}],"version-history":[{"count":3,"href":"https:\/\/royalcuretr.com\/fr\/wp-json\/wp\/v2\/pages\/919\/revisions"}],"predecessor-version":[{"id":922,"href":"https:\/\/royalcuretr.com\/fr\/wp-json\/wp\/v2\/pages\/919\/revisions\/922"}],"wp:attachment":[{"href":"https:\/\/royalcuretr.com\/fr\/wp-json\/wp\/v2\/media?parent=919"}],"curies":[{"name":"wp","href":"https:\/\/api.w.org\/{rel}","templated":true}]}}